{"id":256,"date":"2025-04-29T08:12:44","date_gmt":"2025-04-29T08:12:44","guid":{"rendered":"https:\/\/atexcom.79-137-88-67.plesk.page\/?page_id=256"},"modified":"2025-10-24T08:27:33","modified_gmt":"2025-10-24T08:27:33","slug":"actualites","status":"publish","type":"page","link":"https:\/\/atexcom.fr\/en\/actualites\/","title":{"rendered":"Actualit\u00e9s"},"content":{"rendered":"","protected":false},"excerpt":{"rendered":"","protected":false},"author":1,"featured_media":0,"parent":0,"menu_order":0,"comment_status":"closed","ping_status":"closed","template":"","meta":{"_acf_changed":false,"inline_featured_image":false,"footnotes":""},"class_list":["post-256","page","type-page","status-publish","hentry"],"acf":[],"yoast_head":"<!-- This site is optimized with the Yoast SEO plugin v27.3 - https:\/\/yoast.com\/product\/yoast-seo-wordpress\/ -->\n<title>Actualit\u00e9s - ATEXCOM<\/title>\n<meta name=\"description\" content=\"D\u00e9couvrez les derni\u00e8res actualit\u00e9s AtexCom : tablettes, smartphones, radios et talkie-walkies, voyez notre gamme.\" \/>\n<meta name=\"robots\" content=\"index, follow, max-snippet:-1, max-image-preview:large, max-video-preview:-1\" \/>\n<link rel=\"canonical\" href=\"https:\/\/atexcom.fr\/en\/actualites\/\" \/>\n<meta property=\"og:locale\" content=\"en_GB\" \/>\n<meta property=\"og:type\" content=\"article\" \/>\n<meta property=\"og:title\" content=\"Actualit\u00e9s - ATEXCOM\" \/>\n<meta property=\"og:description\" content=\"D\u00e9couvrez les derni\u00e8res actualit\u00e9s AtexCom : tablettes, smartphones, radios et talkie-walkies, voyez notre gamme.\" \/>\n<meta property=\"og:url\" content=\"https:\/\/atexcom.fr\/en\/actualites\/\" \/>\n<meta property=\"og:site_name\" content=\"ATEXCOM\" \/>\n<meta property=\"article:modified_time\" content=\"2025-10-24T08:27:33+00:00\" \/>\n<meta name=\"twitter:card\" content=\"summary_large_image\" \/>\n<script type=\"application\/ld+json\" class=\"yoast-schema-graph\">{\"@context\":\"https:\\\/\\\/schema.org\",\"@graph\":[{\"@type\":\"WebPage\",\"@id\":\"https:\\\/\\\/atexcom.fr\\\/actualites\\\/\",\"url\":\"https:\\\/\\\/atexcom.fr\\\/actualites\\\/\",\"name\":\"Actualit\u00e9s - ATEXCOM\",\"isPartOf\":{\"@id\":\"https:\\\/\\\/atexcom.fr\\\/#website\"},\"datePublished\":\"2025-04-29T08:12:44+00:00\",\"dateModified\":\"2025-10-24T08:27:33+00:00\",\"description\":\"D\u00e9couvrez les derni\u00e8res actualit\u00e9s AtexCom : tablettes, smartphones, radios et talkie-walkies, voyez notre gamme.\",\"breadcrumb\":{\"@id\":\"https:\\\/\\\/atexcom.fr\\\/actualites\\\/#breadcrumb\"},\"inLanguage\":\"en-GB\",\"potentialAction\":[{\"@type\":\"ReadAction\",\"target\":[\"https:\\\/\\\/atexcom.fr\\\/actualites\\\/\"]}]},{\"@type\":\"BreadcrumbList\",\"@id\":\"https:\\\/\\\/atexcom.fr\\\/actualites\\\/#breadcrumb\",\"itemListElement\":[{\"@type\":\"ListItem\",\"position\":1,\"name\":\"Accueil\",\"item\":\"https:\\\/\\\/atexcom.fr\\\/\"},{\"@type\":\"ListItem\",\"position\":2,\"name\":\"Actualit\u00e9s\"}]},{\"@type\":\"WebSite\",\"@id\":\"https:\\\/\\\/atexcom.fr\\\/#website\",\"url\":\"https:\\\/\\\/atexcom.fr\\\/\",\"name\":\"ATEXCOM\",\"description\":\"\",\"potentialAction\":[{\"@type\":\"SearchAction\",\"target\":{\"@type\":\"EntryPoint\",\"urlTemplate\":\"https:\\\/\\\/atexcom.fr\\\/?s={search_term_string}\"},\"query-input\":{\"@type\":\"PropertyValueSpecification\",\"valueRequired\":true,\"valueName\":\"search_term_string\"}}],\"inLanguage\":\"en-GB\"}]}<\/script>\n<!-- \/ Yoast SEO plugin. -->","yoast_head_json":{"title":"Actualit\u00e9s - ATEXCOM","description":"D\u00e9couvrez les derni\u00e8res actualit\u00e9s AtexCom : tablettes, smartphones, radios et talkie-walkies, voyez notre gamme.","robots":{"index":"index","follow":"follow","max-snippet":"max-snippet:-1","max-image-preview":"max-image-preview:large","max-video-preview":"max-video-preview:-1"},"canonical":"https:\/\/atexcom.fr\/en\/actualites\/","og_locale":"en_GB","og_type":"article","og_title":"Actualit\u00e9s - ATEXCOM","og_description":"D\u00e9couvrez les derni\u00e8res actualit\u00e9s AtexCom : tablettes, smartphones, radios et talkie-walkies, voyez notre gamme.","og_url":"https:\/\/atexcom.fr\/en\/actualites\/","og_site_name":"ATEXCOM","article_modified_time":"2025-10-24T08:27:33+00:00","twitter_card":"summary_large_image","schema":{"@context":"https:\/\/schema.org","@graph":[{"@type":"WebPage","@id":"https:\/\/atexcom.fr\/actualites\/","url":"https:\/\/atexcom.fr\/actualites\/","name":"Actualit\u00e9s - ATEXCOM","isPartOf":{"@id":"https:\/\/atexcom.fr\/#website"},"datePublished":"2025-04-29T08:12:44+00:00","dateModified":"2025-10-24T08:27:33+00:00","description":"D\u00e9couvrez les derni\u00e8res actualit\u00e9s AtexCom : tablettes, smartphones, radios et talkie-walkies, voyez notre gamme.","breadcrumb":{"@id":"https:\/\/atexcom.fr\/actualites\/#breadcrumb"},"inLanguage":"en-GB","potentialAction":[{"@type":"ReadAction","target":["https:\/\/atexcom.fr\/actualites\/"]}]},{"@type":"BreadcrumbList","@id":"https:\/\/atexcom.fr\/actualites\/#breadcrumb","itemListElement":[{"@type":"ListItem","position":1,"name":"Accueil","item":"https:\/\/atexcom.fr\/"},{"@type":"ListItem","position":2,"name":"Actualit\u00e9s"}]},{"@type":"WebSite","@id":"https:\/\/atexcom.fr\/#website","url":"https:\/\/atexcom.fr\/","name":"ATEXCOM","description":"","potentialAction":[{"@type":"SearchAction","target":{"@type":"EntryPoint","urlTemplate":"https:\/\/atexcom.fr\/?s={search_term_string}"},"query-input":{"@type":"PropertyValueSpecification","valueRequired":true,"valueName":"search_term_string"}}],"inLanguage":"en-GB"}]}},"_links":{"self":[{"href":"https:\/\/atexcom.fr\/en\/wp-json\/wp\/v2\/pages\/256","targetHints":{"allow":["GET"]}}],"collection":[{"href":"https:\/\/atexcom.fr\/en\/wp-json\/wp\/v2\/pages"}],"about":[{"href":"https:\/\/atexcom.fr\/en\/wp-json\/wp\/v2\/types\/page"}],"author":[{"embeddable":true,"href":"https:\/\/atexcom.fr\/en\/wp-json\/wp\/v2\/users\/1"}],"replies":[{"embeddable":true,"href":"https:\/\/atexcom.fr\/en\/wp-json\/wp\/v2\/comments?post=256"}],"version-history":[{"count":1,"href":"https:\/\/atexcom.fr\/en\/wp-json\/wp\/v2\/pages\/256\/revisions"}],"predecessor-version":[{"id":257,"href":"https:\/\/atexcom.fr\/en\/wp-json\/wp\/v2\/pages\/256\/revisions\/257"}],"wp:attachment":[{"href":"https:\/\/atexcom.fr\/en\/wp-json\/wp\/v2\/media?parent=256"}],"curies":[{"name":"wp","href":"https:\/\/api.w.org\/{rel}","templated":true}]}}