{"id":11,"date":"2025-03-10T09:11:07","date_gmt":"2025-03-10T09:11:07","guid":{"rendered":"https:\/\/atexcom.79-137-88-67.plesk.page\/?page_id=11"},"modified":"2025-05-15T13:19:22","modified_gmt":"2025-05-15T13:19:22","slug":"mon-compte","status":"publish","type":"page","link":"https:\/\/atexcom.fr\/en\/mon-compte\/","title":{"rendered":"Mon compte"},"content":{"rendered":"<div data-elementor-type=\"wp-page\" data-elementor-id=\"11\" class=\"elementor elementor-11\" data-elementor-post-type=\"page\">\n\t\t\t\t<section data-dce-background-image-url=\"https:\/\/atexcom.fr\/wp-content\/uploads\/2025\/04\/Epsilon-x_in_a_regular_hexagon.svg\" class=\"elementor-element elementor-element-45f0d5a e-flex e-con-boxed elementor-invisible e-con e-parent\" data-id=\"45f0d5a\" data-element_type=\"container\" data-settings=\"{&quot;background_background&quot;:&quot;classic&quot;,&quot;animation&quot;:&quot;fadeIn&quot;}\">\n\t\t\t\t\t<div class=\"e-con-inner\">\n\t\t<div class=\"elementor-element elementor-element-f9c04dd e-con-full e-flex e-con e-child\" data-id=\"f9c04dd\" data-element_type=\"container\" data-aos=\"fade-left\" data-aos-duration=\"600\" data-aos-delay=\"300\">\n\t\t\t\t<div class=\"elementor-element elementor-element-9cd14e4 elementor-view-default elementor-widget elementor-widget-icon\" data-id=\"9cd14e4\" data-element_type=\"widget\" data-widget_type=\"icon.default\">\n\t\t\t\t<div class=\"elementor-widget-container\">\n\t\t\t\t\t\t\t<div class=\"elementor-icon-wrapper\">\n\t\t\t<div class=\"elementor-icon\">\n\t\t\t<svg xmlns=\"http:\/\/www.w3.org\/2000\/svg\" width=\"459\" height=\"320\" viewbox=\"0 0 459 320\" fill=\"none\"><path d=\"M223.242 112.078H140.724C126.004 112.078 112.445 120.018 105.247 132.881L0.811523 319.138H83.3291C98.0494 319.138 111.609 311.197 118.807 298.334L223.288 112.078H223.242Z\" fill=\"#070707\"><\/path><path d=\"M177.783 223.293H260.44C275.068 223.293 288.581 231.141 295.778 243.864L338.639 319.138H255.982C241.355 319.138 227.842 311.29 220.644 298.566L177.783 223.293Z\" fill=\"#F5BD00\"><\/path><path d=\"M173.602 0.862305H256.119C270.793 0.862305 284.352 8.80293 291.597 21.573L459 319.091H376.482C361.808 319.091 348.249 311.151 341.005 298.38L173.602 0.862305Z\" fill=\"#070707\"><\/path><\/svg>\t\t\t<\/div>\n\t\t<\/div>\n\t\t\t\t\t\t<\/div>\n\t\t\t\t<\/div>\n\t\t\t\t<div class=\"elementor-element elementor-element-7a65603 elementor-widget elementor-widget-heading\" data-id=\"7a65603\" data-element_type=\"widget\" data-widget_type=\"heading.default\">\n\t\t\t\t<div class=\"elementor-widget-container\">\n\t\t\t\t\t<h1 class=\"elementor-heading-title elementor-size-default\">Mon compte<\/h1>\t\t\t\t<\/div>\n\t\t\t\t<\/div>\n\t\t\t\t<\/div>\n\t\t\t\t<div class=\"elementor-element elementor-element-3ac8168 e-my-account-tabs-vertical elementor-widget elementor-widget-woocommerce-my-account\" data-id=\"3ac8168\" data-element_type=\"widget\" data-aos=\"fade-up\" data-aos-duration=\"600\" data-aos-delay=\"600\" data-widget_type=\"woocommerce-my-account.default\">\n\t\t\t\t<div class=\"elementor-widget-container\">\n\t\t\t\t\t<div class=\"e-my-account-tab e-my-account-tab__\">\t\t\t<div class=\"woocommerce\"><\/div>\t\t<\/div>\n\t\t\t\t\t\t<\/div>\n\t\t\t\t<\/div>\n\t\t\t\t\t<\/div>\n\t\t\t\t<\/section>\n\t\t\t\t<\/div>","protected":false},"excerpt":{"rendered":"<p>Tableau de bord Commandes T\u00e9l\u00e9chargements Adresses D\u00e9tails du compte D\u00e9connexion Bonjour admin (vous n\u2019\u00eates pas admin\u00a0? D\u00e9connexion) \u00c0 partir du tableau de bord de votre compte, vous pouvez visualiser vos commandes r\u00e9centes, g\u00e9rer vos adresses de livraison et de facturation ainsi que changer votre mot de passe et les d\u00e9tails de votre compte.<\/p>","protected":false},"author":1,"featured_media":0,"parent":0,"menu_order":0,"comment_status":"closed","ping_status":"closed","template":"","meta":{"_acf_changed":false,"inline_featured_image":false,"footnotes":""},"class_list":["post-11","page","type-page","status-publish","hentry"],"acf":[],"yoast_head":"<!-- This site is optimized with the Yoast SEO plugin v27.3 - https:\/\/yoast.com\/product\/yoast-seo-wordpress\/ -->\n<title>Mon compte - ATEXCOM<\/title>\n<meta name=\"robots\" content=\"index, follow, max-snippet:-1, max-image-preview:large, max-video-preview:-1\" \/>\n<link rel=\"canonical\" href=\"https:\/\/atexcom.fr\/en\/mon-compte\/\" \/>\n<meta property=\"og:locale\" content=\"en_GB\" \/>\n<meta property=\"og:type\" content=\"article\" \/>\n<meta property=\"og:title\" content=\"Mon compte - ATEXCOM\" \/>\n<meta property=\"og:description\" content=\"Tableau de bord Commandes T\u00e9l\u00e9chargements Adresses D\u00e9tails du compte D\u00e9connexion Bonjour admin (vous n\u2019\u00eates pas admin\u00a0? D\u00e9connexion) \u00c0 partir du tableau de bord de votre compte, vous pouvez visualiser vos commandes r\u00e9centes, g\u00e9rer vos adresses de livraison et de facturation ainsi que changer votre mot de passe et les d\u00e9tails de votre compte.\" \/>\n<meta property=\"og:url\" content=\"https:\/\/atexcom.fr\/en\/mon-compte\/\" \/>\n<meta property=\"og:site_name\" content=\"ATEXCOM\" \/>\n<meta property=\"article:modified_time\" content=\"2025-05-15T13:19:22+00:00\" \/>\n<meta name=\"twitter:card\" content=\"summary_large_image\" \/>\n<meta name=\"twitter:label1\" content=\"Estimated reading time\" \/>\n\t<meta name=\"twitter:data1\" content=\"2 minutes\" \/>\n<script type=\"application\/ld+json\" class=\"yoast-schema-graph\">{\"@context\":\"https:\\\/\\\/schema.org\",\"@graph\":[{\"@type\":\"WebPage\",\"@id\":\"https:\\\/\\\/atexcom.fr\\\/mon-compte\\\/\",\"url\":\"https:\\\/\\\/atexcom.fr\\\/mon-compte\\\/\",\"name\":\"Mon compte - ATEXCOM\",\"isPartOf\":{\"@id\":\"https:\\\/\\\/atexcom.fr\\\/#website\"},\"datePublished\":\"2025-03-10T09:11:07+00:00\",\"dateModified\":\"2025-05-15T13:19:22+00:00\",\"breadcrumb\":{\"@id\":\"https:\\\/\\\/atexcom.fr\\\/mon-compte\\\/#breadcrumb\"},\"inLanguage\":\"en-GB\",\"potentialAction\":[{\"@type\":\"ReadAction\",\"target\":[\"https:\\\/\\\/atexcom.fr\\\/mon-compte\\\/\"]}]},{\"@type\":\"BreadcrumbList\",\"@id\":\"https:\\\/\\\/atexcom.fr\\\/mon-compte\\\/#breadcrumb\",\"itemListElement\":[{\"@type\":\"ListItem\",\"position\":1,\"name\":\"Accueil\",\"item\":\"https:\\\/\\\/atexcom.fr\\\/\"},{\"@type\":\"ListItem\",\"position\":2,\"name\":\"Mon compte\"}]},{\"@type\":\"WebSite\",\"@id\":\"https:\\\/\\\/atexcom.fr\\\/#website\",\"url\":\"https:\\\/\\\/atexcom.fr\\\/\",\"name\":\"ATEXCOM\",\"description\":\"\",\"potentialAction\":[{\"@type\":\"SearchAction\",\"target\":{\"@type\":\"EntryPoint\",\"urlTemplate\":\"https:\\\/\\\/atexcom.fr\\\/?s={search_term_string}\"},\"query-input\":{\"@type\":\"PropertyValueSpecification\",\"valueRequired\":true,\"valueName\":\"search_term_string\"}}],\"inLanguage\":\"en-GB\"}]}<\/script>\n<!-- \/ Yoast SEO plugin. -->","yoast_head_json":{"title":"Mon compte - ATEXCOM","robots":{"index":"index","follow":"follow","max-snippet":"max-snippet:-1","max-image-preview":"max-image-preview:large","max-video-preview":"max-video-preview:-1"},"canonical":"https:\/\/atexcom.fr\/en\/mon-compte\/","og_locale":"en_GB","og_type":"article","og_title":"Mon compte - ATEXCOM","og_description":"Tableau de bord Commandes T\u00e9l\u00e9chargements Adresses D\u00e9tails du compte D\u00e9connexion Bonjour admin (vous n\u2019\u00eates pas admin\u00a0? D\u00e9connexion) \u00c0 partir du tableau de bord de votre compte, vous pouvez visualiser vos commandes r\u00e9centes, g\u00e9rer vos adresses de livraison et de facturation ainsi que changer votre mot de passe et les d\u00e9tails de votre compte.","og_url":"https:\/\/atexcom.fr\/en\/mon-compte\/","og_site_name":"ATEXCOM","article_modified_time":"2025-05-15T13:19:22+00:00","twitter_card":"summary_large_image","twitter_misc":{"Estimated reading time":"2 minutes"},"schema":{"@context":"https:\/\/schema.org","@graph":[{"@type":"WebPage","@id":"https:\/\/atexcom.fr\/mon-compte\/","url":"https:\/\/atexcom.fr\/mon-compte\/","name":"Mon compte - ATEXCOM","isPartOf":{"@id":"https:\/\/atexcom.fr\/#website"},"datePublished":"2025-03-10T09:11:07+00:00","dateModified":"2025-05-15T13:19:22+00:00","breadcrumb":{"@id":"https:\/\/atexcom.fr\/mon-compte\/#breadcrumb"},"inLanguage":"en-GB","potentialAction":[{"@type":"ReadAction","target":["https:\/\/atexcom.fr\/mon-compte\/"]}]},{"@type":"BreadcrumbList","@id":"https:\/\/atexcom.fr\/mon-compte\/#breadcrumb","itemListElement":[{"@type":"ListItem","position":1,"name":"Accueil","item":"https:\/\/atexcom.fr\/"},{"@type":"ListItem","position":2,"name":"Mon compte"}]},{"@type":"WebSite","@id":"https:\/\/atexcom.fr\/#website","url":"https:\/\/atexcom.fr\/","name":"ATEXCOM","description":"","potentialAction":[{"@type":"SearchAction","target":{"@type":"EntryPoint","urlTemplate":"https:\/\/atexcom.fr\/?s={search_term_string}"},"query-input":{"@type":"PropertyValueSpecification","valueRequired":true,"valueName":"search_term_string"}}],"inLanguage":"en-GB"}]}},"_links":{"self":[{"href":"https:\/\/atexcom.fr\/en\/wp-json\/wp\/v2\/pages\/11","targetHints":{"allow":["GET"]}}],"collection":[{"href":"https:\/\/atexcom.fr\/en\/wp-json\/wp\/v2\/pages"}],"about":[{"href":"https:\/\/atexcom.fr\/en\/wp-json\/wp\/v2\/types\/page"}],"author":[{"embeddable":true,"href":"https:\/\/atexcom.fr\/en\/wp-json\/wp\/v2\/users\/1"}],"replies":[{"embeddable":true,"href":"https:\/\/atexcom.fr\/en\/wp-json\/wp\/v2\/comments?post=11"}],"version-history":[{"count":54,"href":"https:\/\/atexcom.fr\/en\/wp-json\/wp\/v2\/pages\/11\/revisions"}],"predecessor-version":[{"id":2992,"href":"https:\/\/atexcom.fr\/en\/wp-json\/wp\/v2\/pages\/11\/revisions\/2992"}],"wp:attachment":[{"href":"https:\/\/atexcom.fr\/en\/wp-json\/wp\/v2\/media?parent=11"}],"curies":[{"name":"wp","href":"https:\/\/api.w.org\/{rel}","templated":true}]}}